{"id":5250,"date":"2026-02-28T17:11:04","date_gmt":"2026-02-28T20:11:04","guid":{"rendered":"https:\/\/guiadaplanta.site\/?page_id=5250"},"modified":"2026-02-28T17:16:00","modified_gmt":"2026-02-28T20:16:00","slug":"pack-posts-profesionales","status":"publish","type":"page","link":"https:\/\/guiadaplanta.site\/index.php\/pack-posts-profesionales\/","title":{"rendered":"Pack Posts Profesionales"},"content":{"rendered":"\t\t<div data-elementor-type=\"wp-page\" data-elementor-id=\"5250\" class=\"elementor elementor-5250\" data-elementor-settings=\"{&quot;ha_cmc_init_switcher&quot;:&quot;no&quot;}\">\n\t\t\t\t<div class=\"elementor-element elementor-element-6f4b9a6 e-flex e-con-boxed e-con e-parent\" data-id=\"6f4b9a6\" data-element_type=\"container\" data-e-type=\"container\" data-settings=\"{&quot;background_background&quot;:&quot;classic&quot;,&quot;_ha_eqh_enable&quot;:false}\">\n\t\t\t\t\t<div class=\"e-con-inner\">\n\t\t\t\t<div class=\"elementor-element elementor-element-deb3815 elementor-widget elementor-widget-html\" data-id=\"deb3815\" data-element_type=\"widget\" data-e-type=\"widget\" data-widget_type=\"html.default\">\n\t\t\t\t\t<div style=\"\r\nfont-family: Arial, sans-serif;\r\nmax-width:900px;\r\nmargin:25px auto;\r\ntext-align:center;\r\nbackground:rgba(229,57,53,0.12);\r\nborder:1px solid rgba(229,57,53,0.45);\r\npadding:20px;\r\nborder-radius:14px;\r\nbackdrop-filter: blur(6px);\r\n\">\r\n\r\n<h2 style=\"\r\ncolor:#E53935;\r\nmargin-bottom:10px;\r\nfont-size:26px;\r\nfont-weight:bold;\r\n\">\r\n\u26a0\ufe0f \u00a1Espera un momento!\r\n<\/h2>\r\n\r\n<p style=\"\r\ncolor:#ffffff;\r\nfont-size:20px;\r\nfont-weight:bold;\r\nmargin:0;\r\n\">\r\nNo cierres esta p\u00e1gina todav\u00eda.\r\n<\/p>\r\n\r\n<p style=\"\r\ncolor:#ffe5e5;\r\nmargin-top:10px;\r\nfont-size:16px;\r\nmax-width:650px;\r\nmargin-left:auto;\r\nmargin-right:auto;\r\nline-height:1.6;\r\n\">\r\nEstamos preparando una oferta especial exclusiva que solo est\u00e1 disponible ahora mismo y puede ayudarte a mejorar a\u00fan m\u00e1s tu pr\u00e1ctica profesional.\r\n<\/p>\r\n\r\n<\/div>\t\t\t\t<\/div>\n\t\t\t\t<div class=\"elementor-element elementor-element-573c71c elementor-widget elementor-widget-html\" data-id=\"573c71c\" data-element_type=\"widget\" data-e-type=\"widget\" data-widget_type=\"html.default\">\n\t\t\t\t\t<div style=\"\r\nbackground:#e8f2ff;\r\npadding:18px;\r\ntext-align:center;\r\nfont-family:Arial, sans-serif;\r\nfont-size:20px;\r\nfont-weight:bold;\r\nborder-radius:8px;\r\nmargin-bottom:25px;\r\n\">\r\n\u2705 \u00a1Gracias por tu compra! Antes de continuar, queremos mostrarte algo que puedes empezar a usar hoy mismo.\r\n<\/div>\t\t\t\t<\/div>\n\t\t\t\t<div class=\"elementor-element elementor-element-9554c92 elementor-widget elementor-widget-heading\" data-id=\"9554c92\" data-element_type=\"widget\" data-e-type=\"widget\" data-widget_type=\"heading.default\">\n\t\t\t\t\t<h2 class=\"elementor-heading-title elementor-size-default\">Publicaciones profesionales listas para editar y compartir en tus redes sociales.<\/h2>\t\t\t\t<\/div>\n\t\t\t\t<div class=\"elementor-element elementor-element-f3239f5 elementor-widget elementor-widget-heading\" data-id=\"f3239f5\" data-element_type=\"widget\" data-e-type=\"widget\" data-widget_type=\"heading.default\">\n\t\t\t\t\t<h2 class=\"elementor-heading-title elementor-size-default\">Plantillas editables dise\u00f1adas para crear contenido profesional en minutos sin necesidad de dise\u00f1ar desde cero.<\/h2>\t\t\t\t<\/div>\n\t\t\t\t<div class=\"elementor-element elementor-element-c39e6b3 elementor-widget elementor-widget-image\" data-id=\"c39e6b3\" data-element_type=\"widget\" data-e-type=\"widget\" data-widget_type=\"image.default\">\n\t\t\t\t\t\t\t\t\t\t\t\t\t\t\t<img fetchpriority=\"high\" decoding=\"async\" width=\"683\" height=\"1024\" src=\"https:\/\/guiadaplanta.site\/wp-content\/uploads\/2026\/02\/f13bb7b3-c77e-4bab-b652-f5b355293c2a-683x1024.png\" class=\"attachment-large size-large wp-image-5261\" alt=\"\" srcset=\"https:\/\/guiadaplanta.site\/wp-content\/uploads\/2026\/02\/f13bb7b3-c77e-4bab-b652-f5b355293c2a-683x1024.png 683w, https:\/\/guiadaplanta.site\/wp-content\/uploads\/2026\/02\/f13bb7b3-c77e-4bab-b652-f5b355293c2a-200x300.png 200w, https:\/\/guiadaplanta.site\/wp-content\/uploads\/2026\/02\/f13bb7b3-c77e-4bab-b652-f5b355293c2a-768x1152.png 768w, https:\/\/guiadaplanta.site\/wp-content\/uploads\/2026\/02\/f13bb7b3-c77e-4bab-b652-f5b355293c2a.png 1024w\" sizes=\"(max-width: 683px) 100vw, 683px\" \/>\t\t\t\t\t\t\t\t\t\t\t\t\t\t\t<\/div>\n\t\t\t\t<div class=\"elementor-element elementor-element-c91dffe elementor-widget elementor-widget-html\" data-id=\"c91dffe\" data-element_type=\"widget\" data-e-type=\"widget\" data-widget_type=\"html.default\">\n\t\t\t\t\t<div style=\"font-family:Arial,sans-serif;max-width:1000px;margin:auto;text-align:center;\">\r\n\r\n<!-- BLOCO TOPO -->\r\n<div style=\"background:#4080C9;padding:45px 25px;border-radius:16px;margin-bottom:35px;\">\r\n\r\n<h2 style=\"color:#ffffff;font-size:32px;margin-bottom:15px;\">\r\nBeneficios inmediatos al usar Posts Profesionales\r\n<\/h2>\r\n\r\n<p style=\"color:#eaf2ff;font-size:20px;max-width:720px;margin:auto;\">\r\nPublica contenido profesional en minutos y mejora tu presencia digital sin dise\u00f1ar desde cero.\r\n<\/p>\r\n\r\n<\/div>\r\n\r\n<!-- BENEFICIOS -->\r\n<div style=\"display:grid;grid-template-columns:repeat(auto-fit,minmax(280px,1fr));gap:22px;margin-bottom:45px;\">\r\n\r\n<div style=\"background:rgba(255,255,255,0.12);border-radius:18px;padding:26px;border:1px solid rgba(255,255,255,0.35);color:#ffffff;text-align:left;\">\r\n\u2714 Publica contenido profesional r\u00e1pidamente\r\n<\/div>\r\n\r\n<div style=\"background:rgba(255,255,255,0.12);border-radius:18px;padding:26px;border:1px solid rgba(255,255,255,0.35);color:#ffffff;text-align:left;\">\r\n\u2714 Mant\u00e9n tus redes activas sin esfuerzo\r\n<\/div>\r\n\r\n<div style=\"background:rgba(255,255,255,0.12);border-radius:18px;padding:26px;border:1px solid rgba(255,255,255,0.35);color:#ffffff;text-align:left;\">\r\n\u2714 Ahorra horas creando dise\u00f1os\r\n<\/div>\r\n\r\n<div style=\"background:rgba(255,255,255,0.12);border-radius:18px;padding:26px;border:1px solid rgba(255,255,255,0.35);color:#ffffff;text-align:left;\">\r\n\u2714 Mejora tu imagen profesional online\r\n<\/div>\r\n\r\n<\/div>\r\n\r\n<!-- PRECIO -->\r\n<div style=\"background:#4080C9;padding:40px 25px;border-radius:16px;margin-bottom:40px;\">\r\n\r\n<p style=\"color:#ffffff;font-size:20px;\">\r\n\ud83c\udf89 Adquiriendo ahora, recibes un \r\n<span style=\"color:#FFD54F;font-weight:bold;\">descuento del 55%<\/span>\r\n<\/p>\r\n\r\n<p style=\"color:#dbe9ff;font-size:20px;\">\r\nPrecio normal: <span style=\"text-decoration:line-through;\">$12,00 USD<\/span>\r\n<\/p>\r\n\r\n<h2 style=\"color:#ffffff;margin-top:10px;\">\r\nPrecio especial inmediato:\r\n<\/h2>\r\n\r\n<div style=\"color:#ffffff;font-size:48px;font-weight:bold;\">\r\n$5,50 USD\r\n<\/div>\r\n\r\n<\/div>\r\n\r\n<!-- LO QUE RECIBIR\u00c1S -->\r\n<h2 style=\"color:#ffffff;margin-bottom:25px;\">\ud83d\udce6 Lo que recibir\u00e1s<\/h2>\r\n\r\n<div style=\"display:grid;grid-template-columns:repeat(auto-fit,minmax(280px,1fr));gap:22px;\">\r\n\r\n<div style=\"background:rgba(255,255,255,0.12);border-radius:18px;padding:24px;border:1px solid rgba(255,255,255,0.35);color:#ffffff;text-align:left;\">\r\n\u2714 30 plantillas \r\n<\/div>\r\n\r\n<div style=\"background:rgba(255,255,255,0.12);border-radius:18px;padding:24px;border:1px solid rgba(255,255,255,0.35);color:#ffffff;text-align:left;\">\r\n\u2714 Dise\u00f1os listos \r\n<\/div>\r\n\r\n<div style=\"background:rgba(255,255,255,0.12);border-radius:18px;padding:24px;border:1px solid rgba(255,255,255,0.35);color:#ffffff;text-align:left;\">\r\n\u2714 Textos base educativos\r\n<\/div>\r\n\r\n<div style=\"background:rgba(255,255,255,0.12);border-radius:18px;padding:24px;border:1px solid rgba(255,255,255,0.35);color:#ffffff;text-align:left;\">\r\n\u2714 Acceso inmediato\r\n<\/div>\r\n\r\n<\/div>\r\n\r\n<\/div>\t\t\t\t<\/div>\n\t\t\t\t\t<\/div>\n\t\t\t\t<\/div>\n\t\t\t\t<\/div>\n\t\t","protected":false},"excerpt":{"rendered":"<p>\u26a0\ufe0f \u00a1Espera un momento! No cierres esta p\u00e1gina todav\u00eda. Estamos preparando una oferta especial exclusiva que solo est\u00e1 disponible ahora mismo y puede ayudarte a mejorar a\u00fan m\u00e1s tu pr\u00e1ctica profesional. \u2705 \u00a1Gracias por tu compra! Antes de continuar, queremos mostrarte algo que puedes empezar a usar hoy mismo. Publicaciones profesionales listas para editar y [&hellip;]<\/p>\n","protected":false},"author":1,"featured_media":0,"parent":0,"menu_order":0,"comment_status":"closed","ping_status":"closed","template":"elementor_canvas","meta":{"footnotes":""},"class_list":["post-5250","page","type-page","status-publish","hentry"],"_hostinger_reach_plugin_has_subscription_block":false,"_hostinger_reach_plugin_is_elementor":false,"_links":{"self":[{"href":"https:\/\/guiadaplanta.site\/index.php\/wp-json\/wp\/v2\/pages\/5250","targetHints":{"allow":["GET"]}}],"collection":[{"href":"https:\/\/guiadaplanta.site\/index.php\/wp-json\/wp\/v2\/pages"}],"about":[{"href":"https:\/\/guiadaplanta.site\/index.php\/wp-json\/wp\/v2\/types\/page"}],"author":[{"embeddable":true,"href":"https:\/\/guiadaplanta.site\/index.php\/wp-json\/wp\/v2\/users\/1"}],"replies":[{"embeddable":true,"href":"https:\/\/guiadaplanta.site\/index.php\/wp-json\/wp\/v2\/comments?post=5250"}],"version-history":[{"count":10,"href":"https:\/\/guiadaplanta.site\/index.php\/wp-json\/wp\/v2\/pages\/5250\/revisions"}],"predecessor-version":[{"id":5264,"href":"https:\/\/guiadaplanta.site\/index.php\/wp-json\/wp\/v2\/pages\/5250\/revisions\/5264"}],"wp:attachment":[{"href":"https:\/\/guiadaplanta.site\/index.php\/wp-json\/wp\/v2\/media?parent=5250"}],"curies":[{"name":"wp","href":"https:\/\/api.w.org\/{rel}","templated":true}]}}