{"id":5241,"date":"2026-02-28T15:50:15","date_gmt":"2026-02-28T18:50:15","guid":{"rendered":"https:\/\/guiadaplanta.site\/?page_id=5241"},"modified":"2026-02-28T15:52:28","modified_gmt":"2026-02-28T18:52:28","slug":"documentos-esenciales","status":"publish","type":"page","link":"https:\/\/guiadaplanta.site\/index.php\/documentos-esenciales\/","title":{"rendered":"DOCUMENTOS ESENCIALES"},"content":{"rendered":"\t\t<div data-elementor-type=\"wp-page\" data-elementor-id=\"5241\" class=\"elementor elementor-5241\" data-elementor-settings=\"{&quot;ha_cmc_init_switcher&quot;:&quot;no&quot;}\">\n\t\t\t\t<div class=\"elementor-element elementor-element-acdd53c e-flex e-con-boxed e-con e-parent\" data-id=\"acdd53c\" data-element_type=\"container\" data-e-type=\"container\" data-settings=\"{&quot;background_background&quot;:&quot;classic&quot;,&quot;_ha_eqh_enable&quot;:false}\">\n\t\t\t\t\t<div class=\"e-con-inner\">\n\t\t\t\t<div class=\"elementor-element elementor-element-4317f4e elementor-widget elementor-widget-html\" data-id=\"4317f4e\" data-element_type=\"widget\" data-e-type=\"widget\" data-widget_type=\"html.default\">\n\t\t\t\t\t<div style=\"\r\nfont-family: Arial, sans-serif;\r\nmax-width:900px;\r\nmargin:25px auto;\r\ntext-align:center;\r\nbackground:rgba(229,57,53,0.12);\r\nborder:1px solid rgba(229,57,53,0.45);\r\npadding:20px;\r\nborder-radius:14px;\r\nbackdrop-filter: blur(6px);\r\n\">\r\n\r\n<h2 style=\"\r\ncolor:#E53935;\r\nmargin-bottom:10px;\r\nfont-size:26px;\r\nfont-weight:bold;\r\n\">\r\n\u26a0\ufe0f \u00a1Espera un momento!\r\n<\/h2>\r\n\r\n<p style=\"\r\ncolor:#ffffff;\r\nfont-size:20px;\r\nfont-weight:bold;\r\nmargin:0;\r\n\">\r\nNo cierres esta p\u00e1gina todav\u00eda.\r\n<\/p>\r\n\r\n<p style=\"\r\ncolor:#ffe5e5;\r\nmargin-top:10px;\r\nfont-size:16px;\r\nmax-width:650px;\r\nmargin-left:auto;\r\nmargin-right:auto;\r\nline-height:1.6;\r\n\">\r\nEstamos preparando una oferta especial exclusiva que solo est\u00e1 disponible ahora mismo y puede ayudarte a mejorar a\u00fan m\u00e1s tu pr\u00e1ctica profesional.\r\n<\/p>\r\n\r\n<\/div>\t\t\t\t<\/div>\n\t\t\t\t<div class=\"elementor-element elementor-element-089f935 elementor-widget elementor-widget-html\" data-id=\"089f935\" data-element_type=\"widget\" data-e-type=\"widget\" data-widget_type=\"html.default\">\n\t\t\t\t\t<div style=\"\r\nbackground:#e8f2ff;\r\npadding:18px;\r\ntext-align:center;\r\nfont-family:Arial, sans-serif;\r\nfont-size:20px;\r\nfont-weight:bold;\r\nborder-radius:8px;\r\nmargin-bottom:25px;\r\n\">\r\n\u2705 \u00a1Gracias por tu compra! Antes de continuar, queremos mostrarte algo que puedes empezar a usar hoy mismo.\r\n<\/div>\t\t\t\t<\/div>\n\t\t\t\t<div class=\"elementor-element elementor-element-0cfa538 elementor-widget elementor-widget-heading\" data-id=\"0cfa538\" data-element_type=\"widget\" data-e-type=\"widget\" data-widget_type=\"heading.default\">\n\t\t\t\t\t<h2 class=\"elementor-heading-title elementor-size-default\">Formatos b\u00e1sicos profesionales para comenzar a organizar tu consulta desde hoy.<\/h2>\t\t\t\t<\/div>\n\t\t\t\t<div class=\"elementor-element elementor-element-b46794d elementor-widget elementor-widget-heading\" data-id=\"b46794d\" data-element_type=\"widget\" data-e-type=\"widget\" data-widget_type=\"heading.default\">\n\t\t\t\t\t<h2 class=\"elementor-heading-title elementor-size-default\">Incluye documentos esenciales editables para registrar pacientes y gestionar tu atenci\u00f3n de forma simple y pr\u00e1ctica.<\/h2>\t\t\t\t<\/div>\n\t\t\t\t<div class=\"elementor-element elementor-element-9d7983e elementor-widget elementor-widget-image\" data-id=\"9d7983e\" data-element_type=\"widget\" data-e-type=\"widget\" data-widget_type=\"image.default\">\n\t\t\t\t\t\t\t\t\t\t\t\t\t\t\t<img fetchpriority=\"high\" decoding=\"async\" width=\"683\" height=\"1024\" src=\"https:\/\/guiadaplanta.site\/wp-content\/uploads\/2026\/02\/d8e000bd-3285-43cf-a980-dcc58c98038b-683x1024.png\" class=\"attachment-large size-large wp-image-5243\" alt=\"\" srcset=\"https:\/\/guiadaplanta.site\/wp-content\/uploads\/2026\/02\/d8e000bd-3285-43cf-a980-dcc58c98038b-683x1024.png 683w, https:\/\/guiadaplanta.site\/wp-content\/uploads\/2026\/02\/d8e000bd-3285-43cf-a980-dcc58c98038b-200x300.png 200w, https:\/\/guiadaplanta.site\/wp-content\/uploads\/2026\/02\/d8e000bd-3285-43cf-a980-dcc58c98038b-768x1152.png 768w, https:\/\/guiadaplanta.site\/wp-content\/uploads\/2026\/02\/d8e000bd-3285-43cf-a980-dcc58c98038b.png 1024w\" sizes=\"(max-width: 683px) 100vw, 683px\" \/>\t\t\t\t\t\t\t\t\t\t\t\t\t\t\t<\/div>\n\t\t\t\t<div class=\"elementor-element elementor-element-13fb1d2 elementor-widget elementor-widget-html\" data-id=\"13fb1d2\" data-element_type=\"widget\" data-e-type=\"widget\" data-widget_type=\"html.default\">\n\t\t\t\t\t<div style=\"font-family:Arial,sans-serif;max-width:1000px;margin:auto;text-align:center;\">\r\n\r\n<!-- BLOCO AZUL TOPO -->\r\n<div style=\"background:#4080C9;padding:45px 25px;border-radius:16px;margin-bottom:35px;\">\r\n\r\n<h2 style=\"color:#ffffff;font-size:32px;margin-bottom:15px;\">\r\nBeneficios inmediatos al usar Documentos Esenciales\r\n<\/h2>\r\n\r\n<p style=\"color:#eaf2ff;font-size:20px;max-width:720px;margin:auto;\">\r\nOrganiza tu consulta profesional desde hoy utilizando documentos listos para usar.\r\n<\/p>\r\n\r\n<\/div>\r\n\r\n<!-- BENEFICIOS (CARDS) -->\r\n<div style=\"display:grid;grid-template-columns:repeat(auto-fit,minmax(280px,1fr));gap:22px;margin-bottom:45px;\">\r\n\r\n<div style=\"background:rgba(255,255,255,0.12);border-radius:18px;padding:26px;border:1px solid rgba(255,255,255,0.35);color:#ffffff;text-align:left;\">\r\n\u2714 Organiza tus pacientes f\u00e1cilmente\r\n<\/div>\r\n\r\n<div style=\"background:rgba(255,255,255,0.12);border-radius:18px;padding:26px;border:1px solid rgba(255,255,255,0.35);color:#ffffff;text-align:left;\">\r\n\u2714 Reduce el tiempo administrativo diario\r\n<\/div>\r\n\r\n<div style=\"background:rgba(255,255,255,0.12);border-radius:18px;padding:26px;border:1px solid rgba(255,255,255,0.35);color:#ffffff;text-align:left;\">\r\n\u2714 Usa formatos profesionales inmediatos\r\n<\/div>\r\n\r\n<div style=\"background:rgba(255,255,255,0.12);border-radius:18px;padding:26px;border:1px solid rgba(255,255,255,0.35);color:#ffffff;text-align:left;\">\r\n\u2714 Mejora tu organizaci\u00f3n cl\u00ednica desde el primer d\u00eda\r\n<\/div>\r\n\r\n<\/div>\r\n\r\n<!-- BLOCO PRECIO -->\r\n<div style=\"background:#4080C9;padding:40px 25px;border-radius:16px;margin-bottom:40px;\">\r\n\r\n<p style=\"color:#ffffff;font-size:20px;\">\r\n\ud83c\udf89 Adquiriendo ahora, recibes un \r\n<span style=\"color:#FFD54F;font-weight:bold;\">descuento del 30%<\/span>\r\n<\/p>\r\n\r\n<p style=\"color:#dbe9ff;font-size:20px;\">\r\nPrecio normal: <span style=\"text-decoration:line-through;\">$7,90 USD<\/span>\r\n<\/p>\r\n\r\n<h2 style=\"color:#ffffff;margin-top:10px;\">\r\nPrecio especial inmediato:\r\n<\/h2>\r\n\r\n<div style=\"color:#ffffff;font-size:48px;font-weight:bold;\">\r\n$5,50 USD\r\n<\/div>\r\n\r\n<\/div>\r\n\r\n<!-- LO QUE RECIBIR\u00c1S (CARDS) -->\r\n<h2 style=\"color:#ffffff;margin-bottom:25px;\">\ud83d\udce6 Lo que recibir\u00e1s<\/h2>\r\n\r\n<div style=\"display:grid;grid-template-columns:repeat(auto-fit,minmax(280px,1fr));gap:22px;\">\r\n\r\n<div style=\"background:rgba(255,255,255,0.12);border-radius:18px;padding:24px;border:1px solid rgba(255,255,255,0.35);color:#ffffff;text-align:left;\">\r\n\u2714 Contrato b\u00e1sico editable\r\n<\/div>\r\n\r\n<div style=\"background:rgba(255,255,255,0.12);border-radius:18px;padding:24px;border:1px solid rgba(255,255,255,0.35);color:#ffffff;text-align:left;\">\r\n\u2714 Consentimiento informado profesional\r\n<\/div>\r\n\r\n<div style=\"background:rgba(255,255,255,0.12);border-radius:18px;padding:24px;border:1px solid rgba(255,255,255,0.35);color:#ffffff;text-align:left;\">\r\n\u2714 Ficha de registro de pacientes\r\n<\/div>\r\n\r\n<div style=\"background:rgba(255,255,255,0.12);border-radius:18px;padding:24px;border:1px solid rgba(255,255,255,0.35);color:#ffffff;text-align:left;\">\r\n\u2714 Formatos digitales listos para usar\r\n<\/div>\r\n\r\n<\/div>\r\n\r\n<\/div>\t\t\t\t<\/div>\n\t\t\t\t\t<\/div>\n\t\t\t\t<\/div>\n\t\t\t\t<\/div>\n\t\t","protected":false},"excerpt":{"rendered":"<p>\u26a0\ufe0f \u00a1Espera un momento! No cierres esta p\u00e1gina todav\u00eda. Estamos preparando una oferta especial exclusiva que solo est\u00e1 disponible ahora mismo y puede ayudarte a mejorar a\u00fan m\u00e1s tu pr\u00e1ctica profesional. \u2705 \u00a1Gracias por tu compra! Antes de continuar, queremos mostrarte algo que puedes empezar a usar hoy mismo. Formatos b\u00e1sicos profesionales para comenzar a [&hellip;]<\/p>\n","protected":false},"author":1,"featured_media":0,"parent":0,"menu_order":0,"comment_status":"closed","ping_status":"closed","template":"elementor_canvas","meta":{"footnotes":""},"class_list":["post-5241","page","type-page","status-publish","hentry"],"_hostinger_reach_plugin_has_subscription_block":false,"_hostinger_reach_plugin_is_elementor":false,"_links":{"self":[{"href":"https:\/\/guiadaplanta.site\/index.php\/wp-json\/wp\/v2\/pages\/5241","targetHints":{"allow":["GET"]}}],"collection":[{"href":"https:\/\/guiadaplanta.site\/index.php\/wp-json\/wp\/v2\/pages"}],"about":[{"href":"https:\/\/guiadaplanta.site\/index.php\/wp-json\/wp\/v2\/types\/page"}],"author":[{"embeddable":true,"href":"https:\/\/guiadaplanta.site\/index.php\/wp-json\/wp\/v2\/users\/1"}],"replies":[{"embeddable":true,"href":"https:\/\/guiadaplanta.site\/index.php\/wp-json\/wp\/v2\/comments?post=5241"}],"version-history":[{"count":4,"href":"https:\/\/guiadaplanta.site\/index.php\/wp-json\/wp\/v2\/pages\/5241\/revisions"}],"predecessor-version":[{"id":5246,"href":"https:\/\/guiadaplanta.site\/index.php\/wp-json\/wp\/v2\/pages\/5241\/revisions\/5246"}],"wp:attachment":[{"href":"https:\/\/guiadaplanta.site\/index.php\/wp-json\/wp\/v2\/media?parent=5241"}],"curies":[{"name":"wp","href":"https:\/\/api.w.org\/{rel}","templated":true}]}}