{"id":5227,"date":"2026-02-28T15:23:43","date_gmt":"2026-02-28T18:23:43","guid":{"rendered":"https:\/\/guiadaplanta.site\/?page_id=5227"},"modified":"2026-02-28T17:06:51","modified_gmt":"2026-02-28T20:06:51","slug":"pacientes-desde-instagram","status":"publish","type":"page","link":"https:\/\/guiadaplanta.site\/index.php\/pacientes-desde-instagram\/","title":{"rendered":"Pacientes desde Instagram"},"content":{"rendered":"\t\t<div data-elementor-type=\"wp-page\" data-elementor-id=\"5227\" class=\"elementor elementor-5227\" data-elementor-settings=\"{&quot;ha_cmc_init_switcher&quot;:&quot;no&quot;}\">\n\t\t\t\t<div class=\"elementor-element elementor-element-273c325 e-flex e-con-boxed e-con e-parent\" data-id=\"273c325\" data-element_type=\"container\" data-e-type=\"container\" data-settings=\"{&quot;background_background&quot;:&quot;classic&quot;,&quot;_ha_eqh_enable&quot;:false}\">\n\t\t\t\t\t<div class=\"e-con-inner\">\n\t\t\t\t<div class=\"elementor-element elementor-element-d157cd1 elementor-widget elementor-widget-html\" data-id=\"d157cd1\" data-element_type=\"widget\" data-e-type=\"widget\" data-widget_type=\"html.default\">\n\t\t\t\t\t<div style=\"\r\nfont-family: Arial, sans-serif;\r\nmax-width:900px;\r\nmargin:25px auto;\r\ntext-align:center;\r\nbackground:rgba(229,57,53,0.12);\r\nborder:1px solid rgba(229,57,53,0.45);\r\npadding:20px;\r\nborder-radius:14px;\r\nbackdrop-filter: blur(6px);\r\n\">\r\n\r\n<h2 style=\"\r\ncolor:#E53935;\r\nmargin-bottom:10px;\r\nfont-size:26px;\r\nfont-weight:bold;\r\n\">\r\n\u26a0\ufe0f \u00a1Espera un momento!\r\n<\/h2>\r\n\r\n<p style=\"\r\ncolor:#ffffff;\r\nfont-size:20px;\r\nfont-weight:bold;\r\nmargin:0;\r\n\">\r\nNo cierres esta p\u00e1gina todav\u00eda.\r\n<\/p>\r\n\r\n<p style=\"\r\ncolor:#ffe5e5;\r\nmargin-top:10px;\r\nfont-size:16px;\r\nmax-width:650px;\r\nmargin-left:auto;\r\nmargin-right:auto;\r\nline-height:1.6;\r\n\">\r\nEstamos preparando una oferta especial exclusiva que solo est\u00e1 disponible ahora mismo y puede ayudarte a mejorar a\u00fan m\u00e1s tu pr\u00e1ctica profesional.\r\n<\/p>\r\n\r\n<\/div>\t\t\t\t<\/div>\n\t\t\t\t<div class=\"elementor-element elementor-element-fd0cd95 elementor-widget elementor-widget-html\" data-id=\"fd0cd95\" data-element_type=\"widget\" data-e-type=\"widget\" data-widget_type=\"html.default\">\n\t\t\t\t\t<div style=\"\r\nbackground:#e8f2ff;\r\npadding:18px;\r\ntext-align:center;\r\nfont-family:Arial, sans-serif;\r\nfont-size:20px;\r\nfont-weight:bold;\r\nborder-radius:8px;\r\nmargin-bottom:25px;\r\n\">\r\n\u2705 \u00a1Gracias por tu compra! Antes de continuar, queremos mostrarte algo que puedes empezar a usar hoy mismo.\r\n<\/div>\t\t\t\t<\/div>\n\t\t\t\t<div class=\"elementor-element elementor-element-6181dba elementor-widget elementor-widget-heading\" data-id=\"6181dba\" data-element_type=\"widget\" data-e-type=\"widget\" data-widget_type=\"heading.default\">\n\t\t\t\t\t<h2 class=\"elementor-heading-title elementor-size-default\">Gu\u00eda pr\u00e1ctica con pasos y ejemplos para conseguir pacientes usando Instagram.<\/h2>\t\t\t\t<\/div>\n\t\t\t\t<div class=\"elementor-element elementor-element-3a9e625 elementor-widget elementor-widget-heading\" data-id=\"3a9e625\" data-element_type=\"widget\" data-e-type=\"widget\" data-widget_type=\"heading.default\">\n\t\t\t\t\t<h2 class=\"elementor-heading-title elementor-size-default\">Aprende qu\u00e9 publicar, qu\u00e9 escribir y c\u00f3mo presentar tu perfil profesional con modelos listos para aplicar hoy mismo.<\/h2>\t\t\t\t<\/div>\n\t\t\t\t<div class=\"elementor-element elementor-element-6f34295 elementor-widget elementor-widget-image\" data-id=\"6f34295\" data-element_type=\"widget\" data-e-type=\"widget\" data-widget_type=\"image.default\">\n\t\t\t\t\t\t\t\t\t\t\t\t\t\t\t<img fetchpriority=\"high\" decoding=\"async\" width=\"683\" height=\"1024\" src=\"https:\/\/guiadaplanta.site\/wp-content\/uploads\/2026\/02\/7ee88c1b-de7c-4ff2-a4bc-c3e77ad1f24e-683x1024.png\" class=\"attachment-large size-large wp-image-5229\" alt=\"\" srcset=\"https:\/\/guiadaplanta.site\/wp-content\/uploads\/2026\/02\/7ee88c1b-de7c-4ff2-a4bc-c3e77ad1f24e-683x1024.png 683w, https:\/\/guiadaplanta.site\/wp-content\/uploads\/2026\/02\/7ee88c1b-de7c-4ff2-a4bc-c3e77ad1f24e-200x300.png 200w, https:\/\/guiadaplanta.site\/wp-content\/uploads\/2026\/02\/7ee88c1b-de7c-4ff2-a4bc-c3e77ad1f24e-768x1152.png 768w, https:\/\/guiadaplanta.site\/wp-content\/uploads\/2026\/02\/7ee88c1b-de7c-4ff2-a4bc-c3e77ad1f24e.png 1024w\" sizes=\"(max-width: 683px) 100vw, 683px\" \/>\t\t\t\t\t\t\t\t\t\t\t\t\t\t\t<\/div>\n\t\t\t\t<div class=\"elementor-element elementor-element-d52b033 elementor-widget elementor-widget-html\" data-id=\"d52b033\" data-element_type=\"widget\" data-e-type=\"widget\" data-widget_type=\"html.default\">\n\t\t\t\t\t<div style=\"font-family:Arial,sans-serif;max-width:1000px;margin:auto;text-align:center;\">\r\n\r\n<!-- BLOCO TOPO -->\r\n<div style=\"background:#4080C9;padding:45px 25px;border-radius:16px;margin-bottom:35px;\">\r\n\r\n<h2 style=\"color:#ffffff;font-size:32px;margin-bottom:15px;\">\r\nBeneficios inmediatos al atraer pacientes desde Instagram\r\n<\/h2>\r\n\r\n<p style=\"color:#eaf2ff;font-size:20px;max-width:720px;margin:auto;\">\r\nAprende exactamente qu\u00e9 publicar y c\u00f3mo posicionar tu perfil profesional para atraer pacientes reales desde redes sociales.\r\n<\/p>\r\n\r\n<\/div>\r\n\r\n<!-- BENEFICIOS -->\r\n<div style=\"display:grid;grid-template-columns:repeat(auto-fit,minmax(280px,1fr));gap:22px;margin-bottom:45px;\">\r\n\r\n<div style=\"background:rgba(255,255,255,0.12);border-radius:18px;padding:26px;border:1px solid rgba(255,255,255,0.35);color:#ffffff;text-align:left;\">\r\n\u2714 Aprende c\u00f3mo atraer pacientes de forma profesional\r\n<\/div>\r\n\r\n<div style=\"background:rgba(255,255,255,0.12);border-radius:18px;padding:26px;border:1px solid rgba(255,255,255,0.35);color:#ffffff;text-align:left;\">\r\n\u2714 Publica contenido sin quedarte sin ideas\r\n<\/div>\r\n\r\n<div style=\"background:rgba(255,255,255,0.12);border-radius:18px;padding:26px;border:1px solid rgba(255,255,255,0.35);color:#ffffff;text-align:left;\">\r\n\u2714 Mejora tu perfil profesional online\r\n<\/div>\r\n\r\n<div style=\"background:rgba(255,255,255,0.12);border-radius:18px;padding:26px;border:1px solid rgba(255,255,255,0.35);color:#ffffff;text-align:left;\">\r\n\u2714 Estrategias listas para aplicar hoy mismo\r\n<\/div>\r\n\r\n<\/div>\r\n\r\n<!-- PRECIO -->\r\n<div style=\"background:#4080C9;padding:40px 25px;border-radius:16px;margin-bottom:40px;\">\r\n\r\n<p style=\"color:#ffffff;font-size:20px;\">\r\n\ud83c\udf89 Adquiriendo ahora, recibes un \r\n<span style=\"color:#FFD54F;font-weight:bold;\">descuento del 40%<\/span>\r\n<\/p>\r\n\r\n<p style=\"color:#dbe9ff;font-size:20px;\">\r\nPrecio normal: <span style=\"text-decoration:line-through;\">$10,90 USD<\/span>\r\n<\/p>\r\n\r\n<h2 style=\"color:#ffffff;margin-top:10px;\">\r\nPrecio especial inmediato:\r\n<\/h2>\r\n\r\n<div style=\"color:#ffffff;font-size:48px;font-weight:bold;\">\r\n$7,90 USD\r\n<\/div>\r\n\r\n<\/div>\r\n\r\n<!-- LO QUE RECIBIR\u00c1S -->\r\n<h2 style=\"color:#ffffff;margin-bottom:25px;\">\ud83d\udce6 Lo que recibir\u00e1s<\/h2>\r\n\r\n<div style=\"display:grid;grid-template-columns:repeat(auto-fit,minmax(280px,1fr));gap:22px;\">\r\n\r\n<div style=\"background:rgba(255,255,255,0.12);border-radius:18px;padding:24px;border:1px solid rgba(255,255,255,0.35);color:#ffffff;text-align:left;\">\r\n\u2714 Gu\u00eda pr\u00e1ctica paso a paso\r\n<\/div>\r\n\r\n<div style=\"background:rgba(255,255,255,0.12);border-radius:18px;padding:24px;border:1px solid rgba(255,255,255,0.35);color:#ffffff;text-align:left;\">\r\n\u2714 Ideas de contenido listas\r\n<\/div>\r\n\r\n<div style=\"background:rgba(255,255,255,0.12);border-radius:18px;padding:24px;border:1px solid rgba(255,255,255,0.35);color:#ffffff;text-align:left;\">\r\n\u2714 Ejemplos de biograf\u00eda profesional\r\n<\/div>\r\n\r\n<div style=\"background:rgba(255,255,255,0.12);border-radius:18px;padding:24px;border:1px solid rgba(255,255,255,0.35);color:#ffffff;text-align:left;\">\r\n\u2714 Acceso inmediato al material\r\n<\/div>\r\n\r\n<\/div>\r\n\r\n<\/div>\t\t\t\t<\/div>\n\t\t\t\t\t<\/div>\n\t\t\t\t<\/div>\n\t\t\t\t<\/div>\n\t\t","protected":false},"excerpt":{"rendered":"<p>\u26a0\ufe0f \u00a1Espera un momento! No cierres esta p\u00e1gina todav\u00eda. Estamos preparando una oferta especial exclusiva que solo est\u00e1 disponible ahora mismo y puede ayudarte a mejorar a\u00fan m\u00e1s tu pr\u00e1ctica profesional. \u2705 \u00a1Gracias por tu compra! Antes de continuar, queremos mostrarte algo que puedes empezar a usar hoy mismo. Gu\u00eda pr\u00e1ctica con pasos y ejemplos [&hellip;]<\/p>\n","protected":false},"author":1,"featured_media":0,"parent":0,"menu_order":0,"comment_status":"closed","ping_status":"closed","template":"elementor_canvas","meta":{"footnotes":""},"class_list":["post-5227","page","type-page","status-publish","hentry"],"_hostinger_reach_plugin_has_subscription_block":false,"_hostinger_reach_plugin_is_elementor":false,"_links":{"self":[{"href":"https:\/\/guiadaplanta.site\/index.php\/wp-json\/wp\/v2\/pages\/5227","targetHints":{"allow":["GET"]}}],"collection":[{"href":"https:\/\/guiadaplanta.site\/index.php\/wp-json\/wp\/v2\/pages"}],"about":[{"href":"https:\/\/guiadaplanta.site\/index.php\/wp-json\/wp\/v2\/types\/page"}],"author":[{"embeddable":true,"href":"https:\/\/guiadaplanta.site\/index.php\/wp-json\/wp\/v2\/users\/1"}],"replies":[{"embeddable":true,"href":"https:\/\/guiadaplanta.site\/index.php\/wp-json\/wp\/v2\/comments?post=5227"}],"version-history":[{"count":13,"href":"https:\/\/guiadaplanta.site\/index.php\/wp-json\/wp\/v2\/pages\/5227\/revisions"}],"predecessor-version":[{"id":5249,"href":"https:\/\/guiadaplanta.site\/index.php\/wp-json\/wp\/v2\/pages\/5227\/revisions\/5249"}],"wp:attachment":[{"href":"https:\/\/guiadaplanta.site\/index.php\/wp-json\/wp\/v2\/media?parent=5227"}],"curies":[{"name":"wp","href":"https:\/\/api.w.org\/{rel}","templated":true}]}}