{"id":5212,"date":"2026-02-28T14:56:42","date_gmt":"2026-02-28T17:56:42","guid":{"rendered":"https:\/\/guiadaplanta.site\/?page_id=5212"},"modified":"2026-03-02T17:38:58","modified_gmt":"2026-03-02T20:38:58","slug":"kit-consultorio-profesional","status":"publish","type":"page","link":"https:\/\/guiadaplanta.site\/index.php\/kit-consultorio-profesional\/","title":{"rendered":"Kit Consultorio Profesional"},"content":{"rendered":"\t\t<div data-elementor-type=\"wp-page\" data-elementor-id=\"5212\" class=\"elementor elementor-5212\" data-elementor-settings=\"{&quot;ha_cmc_init_switcher&quot;:&quot;no&quot;}\">\n\t\t\t\t<div class=\"elementor-element elementor-element-c31fe63 e-flex e-con-boxed e-con e-parent\" data-id=\"c31fe63\" data-element_type=\"container\" data-e-type=\"container\" data-settings=\"{&quot;background_background&quot;:&quot;classic&quot;,&quot;_ha_eqh_enable&quot;:false}\">\n\t\t\t\t\t<div class=\"e-con-inner\">\n\t\t\t\t<div class=\"elementor-element elementor-element-9566ecd elementor-widget elementor-widget-html\" data-id=\"9566ecd\" data-element_type=\"widget\" data-e-type=\"widget\" data-widget_type=\"html.default\">\n\t\t\t\t\t<div style=\"\r\nfont-family: Arial, sans-serif;\r\nmax-width:900px;\r\nmargin:25px auto;\r\ntext-align:center;\r\nbackground:rgba(229,57,53,0.12);\r\nborder:1px solid rgba(229,57,53,0.45);\r\npadding:20px;\r\nborder-radius:14px;\r\nbackdrop-filter: blur(6px);\r\n\">\r\n\r\n<h2 style=\"\r\ncolor:#E53935;\r\nmargin-bottom:10px;\r\nfont-size:26px;\r\nfont-weight:bold;\r\n\">\r\n\u26a0\ufe0f \u00a1Espera un momento!\r\n<\/h2>\r\n\r\n<p style=\"\r\ncolor:#ffffff;\r\nfont-size:20px;\r\nfont-weight:bold;\r\nmargin:0;\r\n\">\r\nNo cierres esta p\u00e1gina todav\u00eda.\r\n<\/p>\r\n\r\n<p style=\"\r\ncolor:#ffe5e5;\r\nmargin-top:10px;\r\nfont-size:16px;\r\nmax-width:650px;\r\nmargin-left:auto;\r\nmargin-right:auto;\r\nline-height:1.6;\r\n\">\r\nEstamos preparando una oferta especial exclusiva que solo est\u00e1 disponible ahora mismo y puede ayudarte a mejorar a\u00fan m\u00e1s tu pr\u00e1ctica profesional.\r\n<\/p>\r\n\r\n<\/div>\t\t\t\t<\/div>\n\t\t\t\t<div class=\"elementor-element elementor-element-a378593 elementor-widget elementor-widget-html\" data-id=\"a378593\" data-element_type=\"widget\" data-e-type=\"widget\" data-widget_type=\"html.default\">\n\t\t\t\t\t<div style=\"\r\nbackground:#e8f2ff;\r\npadding:18px;\r\ntext-align:center;\r\nfont-family:Arial, sans-serif;\r\nfont-size:20px;\r\nfont-weight:bold;\r\nborder-radius:8px;\r\nmargin-bottom:25px;\r\n\">\r\n\u2705 \u00a1Gracias por tu compra! Antes de continuar, queremos mostrarte algo que puedes empezar a usar hoy mismo.\r\n<\/div>\t\t\t\t<\/div>\n\t\t\t\t<div class=\"elementor-element elementor-element-71273d8 elementor-widget elementor-widget-heading\" data-id=\"71273d8\" data-element_type=\"widget\" data-e-type=\"widget\" data-widget_type=\"heading.default\">\n\t\t\t\t\t<h2 class=\"elementor-heading-title elementor-size-default\">Kit Consultorio Profesional\n\nDocumentos profesionales listos para organizar tu consulta y gestionar pacientes f\u00e1cilmente.<\/h2>\t\t\t\t<\/div>\n\t\t\t\t<div class=\"elementor-element elementor-element-9c68d78 elementor-widget elementor-widget-heading\" data-id=\"9c68d78\" data-element_type=\"widget\" data-e-type=\"widget\" data-widget_type=\"heading.default\">\n\t\t\t\t\t<h2 class=\"elementor-heading-title elementor-size-default\">Un kit con formatos administrativos editables que puedes usar inmediatamente para organizar tu atenci\u00f3n profesional sin crear documentos desde cero.<\/h2>\t\t\t\t<\/div>\n\t\t\t\t<div class=\"elementor-element elementor-element-f4847ae elementor-widget elementor-widget-image\" data-id=\"f4847ae\" data-element_type=\"widget\" data-e-type=\"widget\" data-widget_type=\"image.default\">\n\t\t\t\t\t\t\t\t\t\t\t\t\t\t\t<img fetchpriority=\"high\" decoding=\"async\" width=\"683\" height=\"1024\" src=\"https:\/\/guiadaplanta.site\/wp-content\/uploads\/2026\/02\/06f2f35f-15ea-4275-84ca-2e43d287dc00-2-683x1024.png\" class=\"attachment-large size-large wp-image-5214\" alt=\"\" srcset=\"https:\/\/guiadaplanta.site\/wp-content\/uploads\/2026\/02\/06f2f35f-15ea-4275-84ca-2e43d287dc00-2-683x1024.png 683w, https:\/\/guiadaplanta.site\/wp-content\/uploads\/2026\/02\/06f2f35f-15ea-4275-84ca-2e43d287dc00-2-200x300.png 200w, https:\/\/guiadaplanta.site\/wp-content\/uploads\/2026\/02\/06f2f35f-15ea-4275-84ca-2e43d287dc00-2-768x1152.png 768w, https:\/\/guiadaplanta.site\/wp-content\/uploads\/2026\/02\/06f2f35f-15ea-4275-84ca-2e43d287dc00-2.png 1024w\" sizes=\"(max-width: 683px) 100vw, 683px\" \/>\t\t\t\t\t\t\t\t\t\t\t\t\t\t\t<\/div>\n\t\t\t\t<div class=\"elementor-element elementor-element-cf63c44 elementor-widget elementor-widget-html\" data-id=\"cf63c44\" data-element_type=\"widget\" data-e-type=\"widget\" data-widget_type=\"html.default\">\n\t\t\t\t\t<div style=\"font-family: Arial, sans-serif; max-width:1000px; margin:auto; text-align:center;\">\r\n\r\n<h2 style=\"color:#ffffff; margin-bottom:10px;\">\r\nBeneficios inmediatos al usar el Kit Consultorio Profesional\r\n<\/h2>\r\n\r\n<p style=\"color:#e6eef8; max-width:700px; margin:0 auto 35px;\">\r\nOrganiza tu pr\u00e1ctica profesional con documentos listos para usar y mejora tu atenci\u00f3n desde el primer d\u00eda.\r\n<\/p>\r\n\r\n<div style=\"\r\ndisplay:grid;\r\ngrid-template-columns: repeat(auto-fit, minmax(280px,1fr));\r\ngap:20px;\r\n\">\r\n\r\n<!-- CARD -->\r\n<div style=\"\r\nbackground:rgba(255,255,255,0.12);\r\nbackdrop-filter: blur(6px);\r\npadding:24px;\r\nborder-radius:16px;\r\ntext-align:left;\r\nborder:1px solid rgba(255,255,255,0.25);\r\n\">\r\n\r\n<div style=\"\r\nbackground:#ffffff;\r\ncolor:#4080C9;\r\nwidth:38px;\r\nheight:38px;\r\nborder-radius:50%;\r\ndisplay:flex;\r\nalign-items:center;\r\njustify-content:center;\r\nfont-weight:bold;\r\nmargin-bottom:14px;\">\r\n\u2714\r\n<\/div>\r\n\r\n<h3 style=\"color:#ffffff; margin-bottom:8px;\">\r\nOrganizaci\u00f3n profesional\r\n<\/h3>\r\n\r\n<p style=\"color:#f1f6ff; line-height:1.6;\">\r\nOrganiza tu consulta de forma r\u00e1pida y profesional utilizando documentos ya estructurados.\r\n<\/p>\r\n\r\n<\/div>\r\n\r\n<!-- CARD -->\r\n<div style=\"background:rgba(255,255,255,0.12);backdrop-filter: blur(6px);padding:24px;border-radius:16px;text-align:left;border:1px solid rgba(255,255,255,0.25);\">\r\n\r\n<div style=\"background:#ffffff;color:#4080C9;width:38px;height:38px;border-radius:50%;display:flex;align-items:center;justify-content:center;font-weight:bold;margin-bottom:14px;\">\u2714<\/div>\r\n\r\n<h3 style=\"color:#ffffff;\">Ahorro de tiempo<\/h3>\r\n\r\n<p style=\"color:#f1f6ff;\">\r\nAhorra tiempo usando documentos ya preparados sin tener que dise\u00f1arlos desde cero.\r\n<\/p>\r\n\r\n<\/div>\r\n\r\n<!-- CARD -->\r\n<div style=\"background:rgba(255,255,255,0.12);backdrop-filter: blur(6px);padding:24px;border-radius:16px;text-align:left;border:1px solid rgba(255,255,255,0.25);\">\r\n\r\n<div style=\"background:#ffffff;color:#4080C9;width:38px;height:38px;border-radius:50%;display:flex;align-items:center;justify-content:center;font-weight:bold;margin-bottom:14px;\">\u2714<\/div>\r\n\r\n<h3 style=\"color:#ffffff;\">Informaci\u00f3n ordenada<\/h3>\r\n\r\n<p style=\"color:#f1f6ff;\">\r\nMant\u00e9n la informaci\u00f3n de tus pacientes organizada y f\u00e1cil de consultar.\r\n<\/p>\r\n\r\n<\/div>\r\n\r\n<!-- CARD -->\r\n<div style=\"background:rgba(255,255,255,0.12);backdrop-filter: blur(6px);padding:24px;border-radius:16px;text-align:left;border:1px solid rgba(255,255,255,0.25);\">\r\n\r\n<div style=\"background:#ffffff;color:#4080C9;width:38px;height:38px;border-radius:50%;display:flex;align-items:center;justify-content:center;font-weight:bold;margin-bottom:14px;\">\u2714<\/div>\r\n\r\n<h3 style=\"color:#ffffff;\">Imagen profesional<\/h3>\r\n\r\n<p style=\"color:#f1f6ff;\">\r\nMejora la percepci\u00f3n profesional frente a familias y pacientes desde la primera atenci\u00f3n.\r\n<\/p>\r\n\r\n<\/div>\r\n\r\n<!-- CARD -->\r\n<div style=\"background:rgba(255,255,255,0.12);backdrop-filter: blur(6px);padding:24px;border-radius:16px;text-align:left;border:1px solid rgba(255,255,255,0.25);\">\r\n\r\n<div style=\"background:#ffffff;color:#4080C9;width:38px;height:38px;border-radius:50%;display:flex;align-items:center;justify-content:center;font-weight:bold;margin-bottom:14px;\">\u2714<\/div>\r\n\r\n<h3 style=\"color:#ffffff;\">Menos errores administrativos<\/h3>\r\n\r\n<p style=\"color:#f1f6ff;\">\r\nReduce errores comunes en la gesti\u00f3n diaria de tu pr\u00e1ctica profesional.\r\n<\/p>\r\n\r\n<\/div>\r\n\r\n<!-- CARD -->\r\n<div style=\"background:rgba(255,255,255,0.12);backdrop-filter: blur(6px);padding:24px;border-radius:16px;text-align:left;border:1px solid rgba(255,255,255,0.25);\">\r\n\r\n<div style=\"background:#ffffff;color:#4080C9;width:38px;height:38px;border-radius:50%;display:flex;align-items:center;justify-content:center;font-weight:bold;margin-bottom:14px;\">\u2714<\/div>\r\n\r\n<h3 style=\"color:#ffffff;\">Uso inmediato<\/h3>\r\n\r\n<p style=\"color:#f1f6ff;\">\r\nEmpieza a utilizar los documentos desde hoy mismo sin configuraciones complicadas.\r\n<\/p>\r\n\r\n<\/div>\r\n\r\n<\/div>\r\n<\/div>\t\t\t\t<\/div>\n\t\t\t\t<div class=\"elementor-element elementor-element-794b686 elementor-widget elementor-widget-html\" data-id=\"794b686\" data-element_type=\"widget\" data-e-type=\"widget\" data-widget_type=\"html.default\">\n\t\t\t\t\t<div style=\"font-family: Arial, sans-serif; max-width:1000px; margin:auto; text-align:center;\">\r\n\r\n<!-- AVISO DESCUENTO -->\r\n<div style=\"\r\nbackground:rgba(255,255,255,0.15);\r\nborder:1px solid rgba(255,255,255,0.35);\r\npadding:18px;\r\nborder-radius:14px;\r\nmargin-bottom:30px;\r\n\">\r\n\r\n<h3 style=\"color:#ffffff; margin:0;\">\r\n\ud83c\udf89 Adquiriendo ahora, recibes un <span style=\"color:#FFD54F;\">descuento del 30%<\/span>\r\n<\/h3>\r\n\r\n<p style=\"color:#eaf2ff; margin-top:8px; font-size:18px;\">\r\nPrecio normal:\r\n<span style=\"text-decoration:line-through; opacity:0.85;\">$9,90 USD<\/span>\r\n<\/p>\r\n\r\n<p style=\"margin-top:5px;\">\r\nPrecio especial inmediato:\r\n<strong style=\"font-size:30px; color:#ffffff;\">$6,90 USD<\/strong>\r\n<\/p>\r\n\r\n<\/div>\r\n\r\n<!-- TITULO -->\r\n<h2 style=\"color:#ffffff; margin-bottom:25px;\">\r\n\ud83d\udce6 Lo que recibir\u00e1s\r\n<\/h2>\r\n\r\n<!-- GRID -->\r\n<div style=\"\r\ndisplay:grid;\r\ngrid-template-columns: repeat(auto-fit, minmax(280px,1fr));\r\ngap:20px;\r\n\">\r\n\r\n<!-- ITEM -->\r\n<div style=\"background:rgba(255,255,255,0.12);padding:22px;border-radius:16px;border:1px solid rgba(255,255,255,0.25);text-align:left;\">\r\n<span style=\"color:#ffffff;\">\u2714 Contrato profesional editable<\/span>\r\n<\/div>\r\n\r\n<div style=\"background:rgba(255,255,255,0.12);padding:22px;border-radius:16px;border:1px solid rgba(255,255,255,0.25);text-align:left;\">\r\n<span style=\"color:#ffffff;\">\u2714 Consentimiento informado profesional<\/span>\r\n<\/div>\r\n\r\n<div style=\"background:rgba(255,255,255,0.12);padding:22px;border-radius:16px;border:1px solid rgba(255,255,255,0.25);text-align:left;\">\r\n<span style=\"color:#ffffff;\">\u2714 Ficha administrativa de pacientes<\/span>\r\n<\/div>\r\n\r\n<div style=\"background:rgba(255,255,255,0.12);padding:22px;border-radius:16px;border:1px solid rgba(255,255,255,0.25);text-align:left;\">\r\n<span style=\"color:#ffffff;\">\u2714 Pol\u00edtica de cancelaci\u00f3n y asistencia<\/span>\r\n<\/div>\r\n\r\n<div style=\"background:rgba(255,255,255,0.12);padding:22px;border-radius:16px;border:1px solid rgba(255,255,255,0.25);text-align:left;\">\r\n<span style=\"color:#ffffff;\">\u2714 Registro de sesiones editable<\/span>\r\n<\/div>\r\n\r\n<div style=\"background:rgba(255,255,255,0.12);padding:22px;border-radius:16px;border:1px solid rgba(255,255,255,0.25);text-align:left;\">\r\n<span style=\"color:#ffffff;\">\u2714 Documentos digitales listos para usar<\/span>\r\n<\/div>\r\n\r\n<\/div>\r\n\r\n<\/div>\t\t\t\t<\/div>\n\t\t\t\t\t<\/div>\n\t\t\t\t<\/div>\n\t\t\t\t<\/div>\n\t\t","protected":false},"excerpt":{"rendered":"<p>\u26a0\ufe0f \u00a1Espera un momento! No cierres esta p\u00e1gina todav\u00eda. Estamos preparando una oferta especial exclusiva que solo est\u00e1 disponible ahora mismo y puede ayudarte a mejorar a\u00fan m\u00e1s tu pr\u00e1ctica profesional. \u2705 \u00a1Gracias por tu compra! Antes de continuar, queremos mostrarte algo que puedes empezar a usar hoy mismo. Kit Consultorio Profesional Documentos profesionales listos [&hellip;]<\/p>\n","protected":false},"author":1,"featured_media":0,"parent":0,"menu_order":0,"comment_status":"closed","ping_status":"closed","template":"elementor_canvas","meta":{"footnotes":""},"class_list":["post-5212","page","type-page","status-publish","hentry"],"_hostinger_reach_plugin_has_subscription_block":false,"_hostinger_reach_plugin_is_elementor":false,"_links":{"self":[{"href":"https:\/\/guiadaplanta.site\/index.php\/wp-json\/wp\/v2\/pages\/5212","targetHints":{"allow":["GET"]}}],"collection":[{"href":"https:\/\/guiadaplanta.site\/index.php\/wp-json\/wp\/v2\/pages"}],"about":[{"href":"https:\/\/guiadaplanta.site\/index.php\/wp-json\/wp\/v2\/types\/page"}],"author":[{"embeddable":true,"href":"https:\/\/guiadaplanta.site\/index.php\/wp-json\/wp\/v2\/users\/1"}],"replies":[{"embeddable":true,"href":"https:\/\/guiadaplanta.site\/index.php\/wp-json\/wp\/v2\/comments?post=5212"}],"version-history":[{"count":28,"href":"https:\/\/guiadaplanta.site\/index.php\/wp-json\/wp\/v2\/pages\/5212\/revisions"}],"predecessor-version":[{"id":5910,"href":"https:\/\/guiadaplanta.site\/index.php\/wp-json\/wp\/v2\/pages\/5212\/revisions\/5910"}],"wp:attachment":[{"href":"https:\/\/guiadaplanta.site\/index.php\/wp-json\/wp\/v2\/media?parent=5212"}],"curies":[{"name":"wp","href":"https:\/\/api.w.org\/{rel}","templated":true}]}}