{"id":5161,"date":"2026-02-26T14:55:10","date_gmt":"2026-02-26T17:55:10","guid":{"rendered":"https:\/\/guiadaplanta.site\/?page_id=5161"},"modified":"2026-02-26T15:02:22","modified_gmt":"2026-02-26T18:02:22","slug":"politica-de-privacidade-latam","status":"publish","type":"page","link":"https:\/\/guiadaplanta.site\/index.php\/politica-de-privacidade-latam\/","title":{"rendered":"politica de privacidade latam"},"content":{"rendered":"\t\t<div data-elementor-type=\"wp-page\" data-elementor-id=\"5161\" class=\"elementor elementor-5161\" data-elementor-settings=\"{&quot;ha_cmc_init_switcher&quot;:&quot;no&quot;}\">\n\t\t\t\t<div class=\"elementor-element elementor-element-cd197e6 e-flex e-con-boxed e-con e-parent\" data-id=\"cd197e6\" data-element_type=\"container\" data-e-type=\"container\" data-settings=\"{&quot;_ha_eqh_enable&quot;:false}\">\n\t\t\t\t\t<div class=\"e-con-inner\">\n\t\t\t\t<div class=\"elementor-element elementor-element-93e9d78 elementor-widget elementor-widget-html\" data-id=\"93e9d78\" data-element_type=\"widget\" data-e-type=\"widget\" data-widget_type=\"html.default\">\n\t\t\t\t\t<h2><span style=\"color: rgb(68, 68, 68);\">Pol\u00edtica Privacidade<\/span><\/h2><p><span style=\"color: rgb(68, 68, 68);\">A sua privacidade \u00e9 importante para n\u00f3s. \u00c9 pol\u00edtica do latam respeitar a sua privacidade em rela\u00e7\u00e3o a qualquer informa\u00e7\u00e3o sua que possamos coletar no site <a href=\"https:\/\/guiadaplanta.site\/index.php\/latam\/\">latam<\/a>, e outros sites que possu\u00edmos e operamos.<\/span><\/p><p><span style=\"color: rgb(68, 68, 68);\">Solicitamos informa\u00e7\u00f5es pessoais apenas quando realmente precisamos delas para lhe fornecer um servi\u00e7o. Fazemo-lo por meios justos e legais, com o seu conhecimento e consentimento. Tamb\u00e9m informamos por que estamos coletando e como ser\u00e1 usado.<\/span><\/p><p><span style=\"color: rgb(68, 68, 68);\">Apenas retemos as informa\u00e7\u00f5es coletadas pelo tempo necess\u00e1rio para fornecer o servi\u00e7o solicitado. Quando armazenamos dados, protegemos dentro de meios comercialmente aceit\u00e1veis \u200b\u200bpara evitar perdas e roubos, bem como acesso, divulga\u00e7\u00e3o, c\u00f3pia, uso ou modifica\u00e7\u00e3o n\u00e3o autorizados.<\/span><\/p><p><span style=\"color: rgb(68, 68, 68);\">N\u00e3o compartilhamos informa\u00e7\u00f5es de identifica\u00e7\u00e3o pessoal publicamente ou com terceiros, exceto quando exigido por lei.<\/span><\/p><p><span style=\"color: rgb(68, 68, 68);\">O nosso site pode ter links para sites externos que n\u00e3o s\u00e3o operados por n\u00f3s. Esteja ciente de que n\u00e3o temos controle sobre o conte\u00fado e pr\u00e1ticas desses sites e n\u00e3o podemos aceitar responsabilidade por suas respectivas&nbsp;<\/span><a href=\"https:\/\/politicaprivacidade.com\/\" rel=\"noopener noreferrer\" target=\"_blank\" style=\"background-color: transparent; color: rgb(68, 68, 68);\">pol\u00edticas de privacidade<\/a><span style=\"color: rgb(68, 68, 68);\">.<\/span><\/p><p><span style=\"color: rgb(68, 68, 68);\">Voc\u00ea \u00e9 livre para recusar a nossa solicita\u00e7\u00e3o de informa\u00e7\u00f5es pessoais, entendendo que talvez n\u00e3o possamos fornecer alguns dos servi\u00e7os desejados.<\/span><\/p><p><span style=\"color: rgb(68, 68, 68);\">O uso continuado de nosso site ser\u00e1 considerado como aceita\u00e7\u00e3o de nossas pr\u00e1ticas em torno de privacidade e informa\u00e7\u00f5es pessoais. Se voc\u00ea tiver alguma d\u00favida sobre como lidamos com dados do usu\u00e1rio e informa\u00e7\u00f5es pessoais, entre em contacto connosco.<\/span><\/p><p><span style=\"color: rgb(68, 68, 68);\"><ul><li><span style=\"color: rgb(68, 68, 68);\">O servi\u00e7o Google AdSense que usamos para veicular publicidade usa um cookie DoubleClick para veicular an\u00fancios mais relevantes em toda a Web e limitar o n\u00famero de vezes que um determinado an\u00fancio \u00e9 exibido para voc\u00ea.<\/span><\/li><li><span style=\"color: rgb(68, 68, 68);\">Para mais informa\u00e7\u00f5es sobre o Google AdSense, consulte as FAQs oficiais sobre privacidade do Google AdSense.<\/span><\/li><li><span style=\"color: rgb(68, 68, 68);\">Utilizamos an\u00fancios para compensar os custos de funcionamento deste site e fornecer financiamento para futuros desenvolvimentos. Os cookies de publicidade comportamental usados \u200b\u200bpor este site foram projetados para garantir que voc\u00ea forne\u00e7a os an\u00fancios mais relevantes sempre que poss\u00edvel, rastreando anonimamente seus interesses e apresentando coisas semelhantes que possam ser do seu interesse.<\/span><\/li><li><span style=\"color: rgb(68, 68, 68);\">V\u00e1rios parceiros anunciam em nosso nome e os cookies de rastreamento de afiliados simplesmente nos permitem ver se nossos clientes acessaram o site atrav\u00e9s de um dos sites de nossos parceiros, para que possamos credit\u00e1-los adequadamente e, quando aplic\u00e1vel, permitir que nossos parceiros afiliados ofere\u00e7am qualquer promo\u00e7\u00e3o que pode fornec\u00ea-lo para fazer uma compra.<\/span><\/li><\/ul><p><br><\/p><\/span><\/p><h3><span style=\"color: rgb(68, 68, 68);\">Compromisso do Usu\u00e1rio<\/span><\/h3><p><span style=\"color: rgb(68, 68, 68);\">O usu\u00e1rio se compromete a fazer uso adequado dos conte\u00fados e da informa\u00e7\u00e3o que o latam oferece no site e com car\u00e1ter enunciativo, mas n\u00e3o limitativo:<\/span><\/p><ul><li><span style=\"color: rgb(68, 68, 68);\">A) N\u00e3o se envolver em atividades que sejam ilegais ou contr\u00e1rias \u00e0 boa f\u00e9 a \u00e0 ordem p\u00fablica;<\/span><\/li><li><span style=\"color: rgb(68, 68, 68);\">B) N\u00e3o difundir propaganda ou conte\u00fado de natureza racista, xenof\u00f3bica, jogos de sorte ou azar, qualquer tipo de pornografia ilegal, de apologia ao terrorismo ou contra os direitos humanos;<\/span><\/li><li><span style=\"color: rgb(68, 68, 68);\">C) N\u00e3o causar danos aos sistemas f\u00edsicos (hardwares) e l\u00f3gicos (softwares) do latam, de seus fornecedores ou terceiros, para introduzir ou disseminar v\u00edrus inform\u00e1ticos ou quaisquer outros sistemas de hardware ou software que sejam capazes de causar danos anteriormente mencionados.<\/span><\/li><\/ul><h3><span style=\"color: rgb(68, 68, 68);\">Mais informa\u00e7\u00f5es<\/span><\/h3><p><span style=\"color: rgb(68, 68, 68);\">Esperemos que esteja esclarecido e, como mencionado anteriormente, se houver algo que voc\u00ea n\u00e3o tem certeza se precisa ou n\u00e3o, geralmente \u00e9 mais seguro deixar os cookies ativados, caso interaja com um dos recursos que voc\u00ea usa em nosso site.<\/span><\/p><p><span style=\"color: rgb(68, 68, 68);\">Esta pol\u00edtica \u00e9 efetiva a partir de&nbsp;26 February 2026 17:52<\/span><\/p>\t\t\t\t<\/div>\n\t\t\t\t<div class=\"elementor-element elementor-element-555d02d elementor-widget elementor-widget-html\" data-id=\"555d02d\" data-element_type=\"widget\" data-e-type=\"widget\" data-widget_type=\"html.default\">\n\t\t\t\t\t<h2><span style=\"color: rgb(68, 68, 68);\">1. Termos<\/span><\/h2><p><span style=\"color: rgb(68, 68, 68);\">Ao acessar ao site <a href=\"https:\/\/guiadaplanta.site\/index.php\/latam\/\">latam<\/a>, concorda em cumprir estes termos de servi\u00e7o, todas as leis e regulamentos aplic\u00e1veis \u200b\u200be concorda que \u00e9 respons\u00e1vel pelo cumprimento de todas as leis locais aplic\u00e1veis. Se voc\u00ea n\u00e3o concordar com algum desses termos, est\u00e1 proibido de usar ou acessar este site. Os materiais contidos neste site s\u00e3o protegidos pelas leis de direitos autorais e marcas comerciais aplic\u00e1veis.<\/span><\/p><h2><span style=\"color: rgb(68, 68, 68);\">2. Uso de Licen\u00e7a<\/span><\/h2><p><span style=\"color: rgb(68, 68, 68);\">\u00c9 concedida permiss\u00e3o para baixar temporariamente uma c\u00f3pia dos materiais (informa\u00e7\u00f5es ou software) no site latam , apenas para visualiza\u00e7\u00e3o transit\u00f3ria pessoal e n\u00e3o comercial. Esta \u00e9 a concess\u00e3o de uma licen\u00e7a, n\u00e3o uma transfer\u00eancia de t\u00edtulo e, sob esta licen\u00e7a, voc\u00ea n\u00e3o pode:&nbsp;<\/span><\/p><ol><li><span style=\"color: rgb(68, 68, 68);\">modificar ou copiar os materiais;&nbsp;<\/span><\/li><li><span style=\"color: rgb(68, 68, 68);\">usar os materiais para qualquer finalidade comercial ou para exibi\u00e7\u00e3o p\u00fablica (comercial ou n\u00e3o comercial);&nbsp;<\/span><\/li><li><span style=\"color: rgb(68, 68, 68);\">tentar descompilar ou fazer engenharia reversa de qualquer software contido no site latam;&nbsp;<\/span><\/li><li><span style=\"color: rgb(68, 68, 68);\">remover quaisquer direitos autorais ou outras nota\u00e7\u00f5es de propriedade dos materiais; ou&nbsp;<\/span><\/li><li><span style=\"color: rgb(68, 68, 68);\">transferir os materiais para outra pessoa ou 'espelhe' os materiais em qualquer outro servidor.<\/span><\/li><\/ol><p><span style=\"color: rgb(68, 68, 68);\">Esta licen\u00e7a ser\u00e1 automaticamente rescindida se voc\u00ea violar alguma dessas restri\u00e7\u00f5es e poder\u00e1 ser rescindida por latam a qualquer momento. Ao encerrar a visualiza\u00e7\u00e3o desses materiais ou ap\u00f3s o t\u00e9rmino desta licen\u00e7a, voc\u00ea deve apagar todos os materiais baixados em sua posse, seja em formato eletr\u00f3nico ou impresso.<\/span><\/p><h2><span style=\"color: rgb(68, 68, 68);\">3. Isen\u00e7\u00e3o de responsabilidade<\/span><\/h2><ol><li><span style=\"color: rgb(68, 68, 68);\">Os materiais no site da latam s\u00e3o fornecidos 'como est\u00e3o'. latam n\u00e3o oferece garantias, expressas ou impl\u00edcitas, e, por este meio, isenta e nega todas as outras garantias, incluindo, sem limita\u00e7\u00e3o, garantias impl\u00edcitas ou condi\u00e7\u00f5es de comercializa\u00e7\u00e3o, adequa\u00e7\u00e3o a um fim espec\u00edfico ou n\u00e3o viola\u00e7\u00e3o de propriedade intelectual ou outra viola\u00e7\u00e3o de direitos.<\/span><\/li><li><span style=\"color: rgb(68, 68, 68);\">Al\u00e9m disso, o latam n\u00e3o garante ou faz qualquer representa\u00e7\u00e3o relativa \u00e0 precis\u00e3o, aos resultados prov\u00e1veis \u200b\u200bou \u00e0 confiabilidade do uso dos materiais em seu site ou de outra forma relacionado a esses materiais ou em sites vinculados a este site.<\/span><\/li><\/ol><h2><span style=\"color: rgb(68, 68, 68);\">4. Limita\u00e7\u00f5es<\/span><\/h2><p><span style=\"color: rgb(68, 68, 68);\">Em nenhum caso o latam ou seus fornecedores ser\u00e3o respons\u00e1veis \u200b\u200bpor quaisquer danos (incluindo, sem limita\u00e7\u00e3o, danos por perda de dados ou lucro ou devido a interrup\u00e7\u00e3o dos neg\u00f3cios) decorrentes do uso ou da incapacidade de usar os materiais em latam, mesmo que latam ou um representante autorizado da latam tenha sido notificado oralmente ou por escrito da possibilidade de tais danos. Como algumas jurisdi\u00e7\u00f5es n\u00e3o permitem limita\u00e7\u00f5es em garantias impl\u00edcitas, ou limita\u00e7\u00f5es de responsabilidade por danos conseq\u00fcentes ou incidentais, essas limita\u00e7\u00f5es podem n\u00e3o se aplicar a voc\u00ea.<\/span><\/p><h2><span style=\"color: rgb(68, 68, 68);\">5. Precis\u00e3o dos materiais<\/span><\/h2><p><span style=\"color: rgb(68, 68, 68);\">Os materiais exibidos no site da latam podem incluir erros t\u00e9cnicos, tipogr\u00e1ficos ou fotogr\u00e1ficos. latam n\u00e3o garante que qualquer material em seu site seja preciso, completo ou atual. latam pode fazer altera\u00e7\u00f5es nos materiais contidos em seu site a qualquer momento, sem aviso pr\u00e9vio. No entanto, latam n\u00e3o se compromete a atualizar os materiais.<\/span><\/p><h2><span style=\"color: rgb(68, 68, 68);\">6. Links<\/span><\/h2><p><span style=\"color: rgb(68, 68, 68);\">O latam n\u00e3o analisou todos os sites vinculados ao seu site e n\u00e3o \u00e9 respons\u00e1vel pelo conte\u00fado de nenhum site vinculado. A inclus\u00e3o de qualquer link n\u00e3o implica endosso por latam do site. O uso de qualquer site vinculado \u00e9 por conta e risco do usu\u00e1rio.<\/span><\/p><p><br><\/p><h3><span style=\"color: rgb(68, 68, 68);\">Modifica\u00e7\u00f5es<\/span><\/h3><p><span style=\"color: rgb(68, 68, 68);\">O latam pode revisar estes termos de servi\u00e7o do site a qualquer momento, sem aviso pr\u00e9vio. Ao usar este site, voc\u00ea concorda em ficar vinculado \u00e0 vers\u00e3o atual desses termos de servi\u00e7o.<\/span><\/p><h3><span style=\"color: rgb(68, 68, 68);\">Lei aplic\u00e1vel<\/span><\/h3><p><span style=\"color: rgb(68, 68, 68);\">Estes termos e condi\u00e7\u00f5es s\u00e3o regidos e interpretados de acordo com as leis do latam e voc\u00ea se submete irrevogavelmente \u00e0 jurisdi\u00e7\u00e3o exclusiva dos tribunais naquele estado ou localidade.<\/span><\/p>\t\t\t\t<\/div>\n\t\t\t\t<div class=\"elementor-element elementor-element-8e23f85 elementor-widget elementor-widget-html\" data-id=\"8e23f85\" data-element_type=\"widget\" data-e-type=\"widget\" data-widget_type=\"html.default\">\n\t\t\t\t\t<!-- Rodap\u00e9 - Informa\u00e7\u00f5es do Produtor -->\r\n<footer style=\"width:100%; background:#f5f5f5; padding:20px 10px; margin-top:40px; font-size:14px; color:#333; text-align:center;\">\r\n  \r\n  <p><strong>Nome do Produtor:<\/strong> Luciano bezerra<\/p>\r\n  \r\n  <p><strong>CPF\/CNPJ:<\/strong> 028.630.864-99<\/p>\r\n  \r\n  <p>\r\n    <strong>E-mail de Suporte:<\/strong> \r\n    <a href=\"mailto:suporte@seusite.com\"<\/a>pixdoruan10@gmail.con\r\n  <\/p>\r\n\r\n<\/footer>\t\t\t\t<\/div>\n\t\t\t\t\t<\/div>\n\t\t\t\t<\/div>\n\t\t\t\t<\/div>\n\t\t","protected":false},"excerpt":{"rendered":"<p>Pol\u00edtica Privacidade A sua privacidade \u00e9 importante para n\u00f3s. \u00c9 pol\u00edtica do latam respeitar a sua privacidade em rela\u00e7\u00e3o a qualquer informa\u00e7\u00e3o sua que possamos coletar no site latam, e outros sites que possu\u00edmos e operamos. Solicitamos informa\u00e7\u00f5es pessoais apenas quando realmente precisamos delas para lhe fornecer um servi\u00e7o. Fazemo-lo por meios justos e legais, [&hellip;]<\/p>\n","protected":false},"author":1,"featured_media":0,"parent":0,"menu_order":0,"comment_status":"closed","ping_status":"closed","template":"elementor_canvas","meta":{"footnotes":""},"class_list":["post-5161","page","type-page","status-publish","hentry"],"_hostinger_reach_plugin_has_subscription_block":false,"_hostinger_reach_plugin_is_elementor":false,"_links":{"self":[{"href":"https:\/\/guiadaplanta.site\/index.php\/wp-json\/wp\/v2\/pages\/5161","targetHints":{"allow":["GET"]}}],"collection":[{"href":"https:\/\/guiadaplanta.site\/index.php\/wp-json\/wp\/v2\/pages"}],"about":[{"href":"https:\/\/guiadaplanta.site\/index.php\/wp-json\/wp\/v2\/types\/page"}],"author":[{"embeddable":true,"href":"https:\/\/guiadaplanta.site\/index.php\/wp-json\/wp\/v2\/users\/1"}],"replies":[{"embeddable":true,"href":"https:\/\/guiadaplanta.site\/index.php\/wp-json\/wp\/v2\/comments?post=5161"}],"version-history":[{"count":10,"href":"https:\/\/guiadaplanta.site\/index.php\/wp-json\/wp\/v2\/pages\/5161\/revisions"}],"predecessor-version":[{"id":5179,"href":"https:\/\/guiadaplanta.site\/index.php\/wp-json\/wp\/v2\/pages\/5161\/revisions\/5179"}],"wp:attachment":[{"href":"https:\/\/guiadaplanta.site\/index.php\/wp-json\/wp\/v2\/media?parent=5161"}],"curies":[{"name":"wp","href":"https:\/\/api.w.org\/{rel}","templated":true}]}}